{"id":8549,"date":"2023-09-01T16:30:53","date_gmt":"2023-09-01T16:30:53","guid":{"rendered":"https:\/\/edm.pt\/roteiro-das-minas\/"},"modified":"2024-04-16T11:28:43","modified_gmt":"2024-04-16T11:28:43","slug":"mines-tours","status":"publish","type":"page","link":"https:\/\/edm.pt\/en\/mines-tours\/","title":{"rendered":"Mines Tours"},"content":{"rendered":"<h5>P\u00e1gina em constru\u00e7\u00e3o&#8230;<\/h5>\n","protected":false},"excerpt":{"rendered":"<p>P\u00e1gina em constru\u00e7\u00e3o&#8230;<\/p>\n","protected":false},"author":3,"featured_media":0,"parent":0,"menu_order":0,"comment_status":"closed","ping_status":"closed","template":"page-roteiro-das-minas.php","meta":{"_acf_changed":false,"footnotes":""},"class_list":["post-8549","page","type-page","status-publish","hentry"],"acf":[],"yoast_head":"<!-- This site is optimized with the Yoast SEO plugin v27.5 - https:\/\/yoast.com\/product\/yoast-seo-wordpress\/ -->\n<title>Mines Tours - EDM<\/title>\n<meta name=\"robots\" content=\"index, follow, max-snippet:-1, max-image-preview:large, max-video-preview:-1\" \/>\n<link rel=\"canonical\" href=\"https:\/\/edm.pt\/en\/mines-tours\/\" \/>\n<meta property=\"og:locale\" content=\"en_US\" \/>\n<meta property=\"og:type\" content=\"article\" \/>\n<meta property=\"og:title\" content=\"Mines Tours - EDM\" \/>\n<meta property=\"og:description\" content=\"P\u00e1gina em constru\u00e7\u00e3o&#8230;\" \/>\n<meta property=\"og:url\" content=\"https:\/\/edm.pt\/en\/mines-tours\/\" \/>\n<meta property=\"og:site_name\" content=\"EDM\" \/>\n<meta property=\"article:modified_time\" content=\"2024-04-16T11:28:43+00:00\" \/>\n<meta name=\"twitter:card\" content=\"summary_large_image\" \/>\n<meta name=\"twitter:label1\" content=\"Est. reading time\" \/>\n\t<meta name=\"twitter:data1\" content=\"1 minute\" \/>\n<script type=\"application\/ld+json\" class=\"yoast-schema-graph\">{\"@context\":\"https:\\\/\\\/schema.org\",\"@graph\":[{\"@type\":\"WebPage\",\"@id\":\"https:\\\/\\\/edm.pt\\\/en\\\/mines-tours\\\/\",\"url\":\"https:\\\/\\\/edm.pt\\\/en\\\/mines-tours\\\/\",\"name\":\"Mines Tours - EDM\",\"isPartOf\":{\"@id\":\"https:\\\/\\\/edm.pt\\\/#website\"},\"datePublished\":\"2023-09-01T16:30:53+00:00\",\"dateModified\":\"2024-04-16T11:28:43+00:00\",\"breadcrumb\":{\"@id\":\"https:\\\/\\\/edm.pt\\\/en\\\/mines-tours\\\/#breadcrumb\"},\"inLanguage\":\"en-US\",\"potentialAction\":[{\"@type\":\"ReadAction\",\"target\":[\"https:\\\/\\\/edm.pt\\\/en\\\/mines-tours\\\/\"]}]},{\"@type\":\"BreadcrumbList\",\"@id\":\"https:\\\/\\\/edm.pt\\\/en\\\/mines-tours\\\/#breadcrumb\",\"itemListElement\":[{\"@type\":\"ListItem\",\"position\":1,\"name\":\"In\u00edcio\",\"item\":\"https:\\\/\\\/edm.pt\\\/en\\\/\"},{\"@type\":\"ListItem\",\"position\":2,\"name\":\"Mines Tours\"}]},{\"@type\":\"WebSite\",\"@id\":\"https:\\\/\\\/edm.pt\\\/#website\",\"url\":\"https:\\\/\\\/edm.pt\\\/\",\"name\":\"EDM\",\"description\":\"Empresa de Desenvolvimento Mineiro, SA\",\"potentialAction\":[{\"@type\":\"SearchAction\",\"target\":{\"@type\":\"EntryPoint\",\"urlTemplate\":\"https:\\\/\\\/edm.pt\\\/?s={search_term_string}\"},\"query-input\":{\"@type\":\"PropertyValueSpecification\",\"valueRequired\":true,\"valueName\":\"search_term_string\"}}],\"inLanguage\":\"en-US\"}]}<\/script>\n<!-- \/ Yoast SEO plugin. -->","yoast_head_json":{"title":"Mines Tours - EDM","robots":{"index":"index","follow":"follow","max-snippet":"max-snippet:-1","max-image-preview":"max-image-preview:large","max-video-preview":"max-video-preview:-1"},"canonical":"https:\/\/edm.pt\/en\/mines-tours\/","og_locale":"en_US","og_type":"article","og_title":"Mines Tours - EDM","og_description":"P\u00e1gina em constru\u00e7\u00e3o&#8230;","og_url":"https:\/\/edm.pt\/en\/mines-tours\/","og_site_name":"EDM","article_modified_time":"2024-04-16T11:28:43+00:00","twitter_card":"summary_large_image","twitter_misc":{"Est. reading time":"1 minute"},"schema":{"@context":"https:\/\/schema.org","@graph":[{"@type":"WebPage","@id":"https:\/\/edm.pt\/en\/mines-tours\/","url":"https:\/\/edm.pt\/en\/mines-tours\/","name":"Mines Tours - EDM","isPartOf":{"@id":"https:\/\/edm.pt\/#website"},"datePublished":"2023-09-01T16:30:53+00:00","dateModified":"2024-04-16T11:28:43+00:00","breadcrumb":{"@id":"https:\/\/edm.pt\/en\/mines-tours\/#breadcrumb"},"inLanguage":"en-US","potentialAction":[{"@type":"ReadAction","target":["https:\/\/edm.pt\/en\/mines-tours\/"]}]},{"@type":"BreadcrumbList","@id":"https:\/\/edm.pt\/en\/mines-tours\/#breadcrumb","itemListElement":[{"@type":"ListItem","position":1,"name":"In\u00edcio","item":"https:\/\/edm.pt\/en\/"},{"@type":"ListItem","position":2,"name":"Mines Tours"}]},{"@type":"WebSite","@id":"https:\/\/edm.pt\/#website","url":"https:\/\/edm.pt\/","name":"EDM","description":"Empresa de Desenvolvimento Mineiro, SA","potentialAction":[{"@type":"SearchAction","target":{"@type":"EntryPoint","urlTemplate":"https:\/\/edm.pt\/?s={search_term_string}"},"query-input":{"@type":"PropertyValueSpecification","valueRequired":true,"valueName":"search_term_string"}}],"inLanguage":"en-US"}]}},"_links":{"self":[{"href":"https:\/\/edm.pt\/en\/wp-json\/wp\/v2\/pages\/8549","targetHints":{"allow":["GET"]}}],"collection":[{"href":"https:\/\/edm.pt\/en\/wp-json\/wp\/v2\/pages"}],"about":[{"href":"https:\/\/edm.pt\/en\/wp-json\/wp\/v2\/types\/page"}],"author":[{"embeddable":true,"href":"https:\/\/edm.pt\/en\/wp-json\/wp\/v2\/users\/3"}],"replies":[{"embeddable":true,"href":"https:\/\/edm.pt\/en\/wp-json\/wp\/v2\/comments?post=8549"}],"version-history":[{"count":1,"href":"https:\/\/edm.pt\/en\/wp-json\/wp\/v2\/pages\/8549\/revisions"}],"predecessor-version":[{"id":8550,"href":"https:\/\/edm.pt\/en\/wp-json\/wp\/v2\/pages\/8549\/revisions\/8550"}],"wp:attachment":[{"href":"https:\/\/edm.pt\/en\/wp-json\/wp\/v2\/media?parent=8549"}],"curies":[{"name":"wp","href":"https:\/\/api.w.org\/{rel}","templated":true}]}}